{"id":631,"date":"2025-09-23T20:11:56","date_gmt":"2025-09-23T20:11:56","guid":{"rendered":"https:\/\/www.labandeapapattes.fr\/?page_id=631"},"modified":"2026-01-28T22:24:43","modified_gmt":"2026-01-28T22:24:43","slug":"pavarotti","status":"publish","type":"page","link":"https:\/\/www.labandeapapattes.fr\/index.php\/pavarotti\/","title":{"rendered":"Pavarotti"},"content":{"rendered":"\n<style>\n  body {\n    font-family: Arial, sans-serif;\n    background: #fff8f2;\n    color: #333;\n    margin: 0;\n    padding: 20px;\n    line-height: 1.6;\n  }\n\n  h1 {\n    text-align: center;\n    color: #c44;\n    margin-bottom: 20px;\n  }\n\n  \/* Galerie photos *\/\n  .gallery {\n    display: grid;\n    grid-template-columns: repeat(auto-fit, minmax(250px, 1fr));\n    gap: 15px;\n    max-width: 1000px;\n    margin: 0 auto;\n  }\n\n  .gallery img {\n    width: 100%;\n    height: auto;\n    border-radius: 12px;\n    cursor: pointer;\n    transition: transform 0.2s;\n    box-shadow: 0 2px 6px rgba(0,0,0,0.15);\n  }\n\n  .gallery img:hover {\n    transform: scale(1.03);\n  }\n\n  \/* Lightbox *\/\n  .lightbox {\n    display: none;\n    position: fixed;\n    z-index: 9999;\n    top: 0;\n    left: 0;\n    width: 100%;\n    height: 100%;\n    background: rgba(0,0,0,0.9);\n    justify-content: center;\n    align-items: center;\n  }\n\n  .lightbox img {\n    max-width: 95%;\n    max-height: 90%;\n    border-radius: 12px;\n    box-shadow: 0 4px 12px rgba(0,0,0,0.5);\n  }\n<\/style>\n\n\n<div class=\"gallery\">\n  <img decoding=\"async\" data-src=\"https:\/\/www.labandeapapattes.fr\/wp-content\/uploads\/2025\/09\/WhatsApp-Image-2025-09-22-a-14.27.05_2c48a638.jpg\" alt=\"Pavarotti\" onclick=\"openLightbox(this.src)\" src=\"data:image\/svg+xml;base64,PHN2ZyB3aWR0aD0iMSIgaGVpZ2h0PSIxIiB4bWxucz0iaHR0cDovL3d3dy53My5vcmcvMjAwMC9zdmciPjwvc3ZnPg==\" class=\"lazyload\" style=\"--smush-placeholder-width: 900px; --smush-placeholder-aspect-ratio: 900\/1600;\">\n  <img decoding=\"async\" data-src=\"https:\/\/www.labandeapapattes.fr\/wp-content\/uploads\/2025\/09\/WhatsApp-Image-2025-09-22-a-14.27.05_6e461b70.jpg\" alt=\"Pavarotti\" onclick=\"openLightbox(this.src)\" src=\"data:image\/svg+xml;base64,PHN2ZyB3aWR0aD0iMSIgaGVpZ2h0PSIxIiB4bWxucz0iaHR0cDovL3d3dy53My5vcmcvMjAwMC9zdmciPjwvc3ZnPg==\" class=\"lazyload\" style=\"--smush-placeholder-width: 1600px; --smush-placeholder-aspect-ratio: 1600\/1172;\">\n  <img decoding=\"async\" data-src=\"https:\/\/www.labandeapapattes.fr\/wp-content\/uploads\/2025\/09\/WhatsApp-Image-2025-09-22-a-14.27.05_892df7ff.jpg\" alt=\"Pavarotti\" onclick=\"openLightbox(this.src)\" src=\"data:image\/svg+xml;base64,PHN2ZyB3aWR0aD0iMSIgaGVpZ2h0PSIxIiB4bWxucz0iaHR0cDovL3d3dy53My5vcmcvMjAwMC9zdmciPjwvc3ZnPg==\" class=\"lazyload\" style=\"--smush-placeholder-width: 1200px; --smush-placeholder-aspect-ratio: 1200\/1600;\">\n  <img decoding=\"async\" data-src=\"https:\/\/www.labandeapapattes.fr\/wp-content\/uploads\/2025\/09\/WhatsApp-Image-2025-09-22-a-14.27.05_c3498b5e.jpg\" alt=\"Pavarotti\" onclick=\"openLightbox(this.src)\" src=\"data:image\/svg+xml;base64,PHN2ZyB3aWR0aD0iMSIgaGVpZ2h0PSIxIiB4bWxucz0iaHR0cDovL3d3dy53My5vcmcvMjAwMC9zdmciPjwvc3ZnPg==\" class=\"lazyload\" style=\"--smush-placeholder-width: 1200px; --smush-placeholder-aspect-ratio: 1200\/1600;\">\n  <img decoding=\"async\" data-src=\"https:\/\/www.labandeapapattes.fr\/wp-content\/uploads\/2025\/09\/WhatsApp-Image-2025-09-22-a-14.27.05_cfe73288.jpg\" alt=\"Pavarotti\" onclick=\"openLightbox(this.src)\" src=\"data:image\/svg+xml;base64,PHN2ZyB3aWR0aD0iMSIgaGVpZ2h0PSIxIiB4bWxucz0iaHR0cDovL3d3dy53My5vcmcvMjAwMC9zdmciPjwvc3ZnPg==\" class=\"lazyload\" style=\"--smush-placeholder-width: 1200px; --smush-placeholder-aspect-ratio: 1200\/1600;\">\n<\/div>\n\n<!-- Lightbox -->\n<div id=\"lightbox\" class=\"lightbox\" onclick=\"closeLightbox()\">\n  <img decoding=\"async\" id=\"lightbox-img\" src=\"\">\n<\/div>\n\n<script>\n  function openLightbox(src) {\n    document.getElementById(\"lightbox-img\").src = src;\n    document.getElementById(\"lightbox\").style.display = \"flex\";\n  }\n  function closeLightbox() {\n    document.getElementById(\"lightbox\").style.display = \"none\";\n  }\n<\/script>\n\n\n\n<p><\/p>\n","protected":false},"excerpt":{"rendered":"","protected":false},"author":1,"featured_media":0,"parent":0,"menu_order":0,"comment_status":"closed","ping_status":"closed","template":"","meta":{"footnotes":""},"class_list":["post-631","page","type-page","status-publish","hentry"],"yoast_head":"<!-- This site is optimized with the Yoast SEO plugin v27.4 - https:\/\/yoast.com\/product\/yoast-seo-wordpress\/ -->\n<title>Pavarotti - La Bande A Papattes<\/title>\n<meta name=\"description\" content=\"Suivez les nouvelles de Pavarotti, chiot Border Collie de La Bande \u00e0 Papattes \u00e0 Chezal Benoit (Cher), \u00e9lev\u00e9 en famille avec amour.\" \/>\n<meta name=\"robots\" content=\"index, follow, max-snippet:-1, max-image-preview:large, max-video-preview:-1\" \/>\n<link rel=\"canonical\" href=\"https:\/\/www.labandeapapattes.fr\/index.php\/pavarotti\/\" \/>\n<meta property=\"og:locale\" content=\"fr_FR\" \/>\n<meta property=\"og:type\" content=\"article\" \/>\n<meta property=\"og:title\" content=\"Pavarotti - La Bande A Papattes\" \/>\n<meta property=\"og:description\" content=\"Suivez les nouvelles de Pavarotti, chiot Border Collie de La Bande \u00e0 Papattes \u00e0 Chezal Benoit (Cher), \u00e9lev\u00e9 en famille avec amour.\" \/>\n<meta property=\"og:url\" content=\"https:\/\/www.labandeapapattes.fr\/index.php\/pavarotti\/\" \/>\n<meta property=\"og:site_name\" content=\"La Bande A Papattes\" \/>\n<meta property=\"article:publisher\" content=\"https:\/\/www.facebook.com\/profile.php?id=61552778915373\" \/>\n<meta property=\"article:modified_time\" content=\"2026-01-28T22:24:43+00:00\" \/>\n<meta property=\"og:image\" content=\"https:\/\/www.labandeapapattes.fr\/wp-content\/uploads\/2025\/09\/WhatsApp-Image-2025-09-22-a-14.27.05_2c48a638.jpg\" \/>\n<meta name=\"twitter:card\" content=\"summary_large_image\" \/>\n<meta name=\"twitter:label1\" content=\"Dur\u00e9e de lecture estim\u00e9e\" \/>\n\t<meta name=\"twitter:data1\" content=\"2 minutes\" \/>\n<script type=\"application\/ld+json\" class=\"yoast-schema-graph\">{\"@context\":\"https:\\\/\\\/schema.org\",\"@graph\":[{\"@type\":\"WebPage\",\"@id\":\"https:\\\/\\\/www.labandeapapattes.fr\\\/index.php\\\/pavarotti\\\/\",\"url\":\"https:\\\/\\\/www.labandeapapattes.fr\\\/index.php\\\/pavarotti\\\/\",\"name\":\"Pavarotti - La Bande A Papattes\",\"isPartOf\":{\"@id\":\"https:\\\/\\\/www.labandeapapattes.fr\\\/#website\"},\"primaryImageOfPage\":{\"@id\":\"https:\\\/\\\/www.labandeapapattes.fr\\\/index.php\\\/pavarotti\\\/#primaryimage\"},\"image\":{\"@id\":\"https:\\\/\\\/www.labandeapapattes.fr\\\/index.php\\\/pavarotti\\\/#primaryimage\"},\"thumbnailUrl\":\"https:\\\/\\\/www.labandeapapattes.fr\\\/wp-content\\\/uploads\\\/2025\\\/09\\\/WhatsApp-Image-2025-09-22-a-14.27.05_2c48a638.jpg\",\"datePublished\":\"2025-09-23T20:11:56+00:00\",\"dateModified\":\"2026-01-28T22:24:43+00:00\",\"description\":\"Suivez les nouvelles de Pavarotti, chiot Border Collie de La Bande \u00e0 Papattes \u00e0 Chezal Benoit (Cher), \u00e9lev\u00e9 en famille avec amour.\",\"breadcrumb\":{\"@id\":\"https:\\\/\\\/www.labandeapapattes.fr\\\/index.php\\\/pavarotti\\\/#breadcrumb\"},\"inLanguage\":\"fr-FR\",\"potentialAction\":[{\"@type\":\"ReadAction\",\"target\":[\"https:\\\/\\\/www.labandeapapattes.fr\\\/index.php\\\/pavarotti\\\/\"]}]},{\"@type\":\"ImageObject\",\"inLanguage\":\"fr-FR\",\"@id\":\"https:\\\/\\\/www.labandeapapattes.fr\\\/index.php\\\/pavarotti\\\/#primaryimage\",\"url\":\"https:\\\/\\\/www.labandeapapattes.fr\\\/wp-content\\\/uploads\\\/2025\\\/09\\\/WhatsApp-Image-2025-09-22-a-14.27.05_2c48a638.jpg\",\"contentUrl\":\"https:\\\/\\\/www.labandeapapattes.fr\\\/wp-content\\\/uploads\\\/2025\\\/09\\\/WhatsApp-Image-2025-09-22-a-14.27.05_2c48a638.jpg\",\"width\":900,\"height\":1600},{\"@type\":\"BreadcrumbList\",\"@id\":\"https:\\\/\\\/www.labandeapapattes.fr\\\/index.php\\\/pavarotti\\\/#breadcrumb\",\"itemListElement\":[{\"@type\":\"ListItem\",\"position\":1,\"name\":\"Accueil\",\"item\":\"https:\\\/\\\/www.labandeapapattes.fr\\\/\"},{\"@type\":\"ListItem\",\"position\":2,\"name\":\"Pavarotti\"}]},{\"@type\":\"WebSite\",\"@id\":\"https:\\\/\\\/www.labandeapapattes.fr\\\/#website\",\"url\":\"https:\\\/\\\/www.labandeapapattes.fr\\\/\",\"name\":\"La Bande A Papattes\",\"description\":\"\",\"publisher\":{\"@id\":\"https:\\\/\\\/www.labandeapapattes.fr\\\/#organization\"},\"potentialAction\":[{\"@type\":\"SearchAction\",\"target\":{\"@type\":\"EntryPoint\",\"urlTemplate\":\"https:\\\/\\\/www.labandeapapattes.fr\\\/?s={search_term_string}\"},\"query-input\":{\"@type\":\"PropertyValueSpecification\",\"valueRequired\":true,\"valueName\":\"search_term_string\"}}],\"inLanguage\":\"fr-FR\"},{\"@type\":\"Organization\",\"@id\":\"https:\\\/\\\/www.labandeapapattes.fr\\\/#organization\",\"name\":\"La Bande A Papattes\",\"url\":\"https:\\\/\\\/www.labandeapapattes.fr\\\/\",\"logo\":{\"@type\":\"ImageObject\",\"inLanguage\":\"fr-FR\",\"@id\":\"https:\\\/\\\/www.labandeapapattes.fr\\\/#\\\/schema\\\/logo\\\/image\\\/\",\"url\":\"https:\\\/\\\/www.labandeapapattes.fr\\\/wp-content\\\/uploads\\\/2025\\\/09\\\/cropped-android-chrome-512x512-2.png\",\"contentUrl\":\"https:\\\/\\\/www.labandeapapattes.fr\\\/wp-content\\\/uploads\\\/2025\\\/09\\\/cropped-android-chrome-512x512-2.png\",\"width\":50,\"height\":50,\"caption\":\"La Bande A Papattes\"},\"image\":{\"@id\":\"https:\\\/\\\/www.labandeapapattes.fr\\\/#\\\/schema\\\/logo\\\/image\\\/\"},\"sameAs\":[\"https:\\\/\\\/www.facebook.com\\\/profile.php?id=61552778915373\",\"https:\\\/\\\/www.tiktok.com\\\/@la.bande.a.papatt\",\"https:\\\/\\\/www.instagram.com\\\/la_bande_a_papattes\\\/\"]}]}<\/script>\n<!-- \/ Yoast SEO plugin. -->","yoast_head_json":{"title":"Pavarotti - La Bande A Papattes","description":"Suivez les nouvelles de Pavarotti, chiot Border Collie de La Bande \u00e0 Papattes \u00e0 Chezal Benoit (Cher), \u00e9lev\u00e9 en famille avec amour.","robots":{"index":"index","follow":"follow","max-snippet":"max-snippet:-1","max-image-preview":"max-image-preview:large","max-video-preview":"max-video-preview:-1"},"canonical":"https:\/\/www.labandeapapattes.fr\/index.php\/pavarotti\/","og_locale":"fr_FR","og_type":"article","og_title":"Pavarotti - La Bande A Papattes","og_description":"Suivez les nouvelles de Pavarotti, chiot Border Collie de La Bande \u00e0 Papattes \u00e0 Chezal Benoit (Cher), \u00e9lev\u00e9 en famille avec amour.","og_url":"https:\/\/www.labandeapapattes.fr\/index.php\/pavarotti\/","og_site_name":"La Bande A Papattes","article_publisher":"https:\/\/www.facebook.com\/profile.php?id=61552778915373","article_modified_time":"2026-01-28T22:24:43+00:00","og_image":[{"url":"https:\/\/www.labandeapapattes.fr\/wp-content\/uploads\/2025\/09\/WhatsApp-Image-2025-09-22-a-14.27.05_2c48a638.jpg","type":"","width":"","height":""}],"twitter_card":"summary_large_image","twitter_misc":{"Dur\u00e9e de lecture estim\u00e9e":"2 minutes"},"schema":{"@context":"https:\/\/schema.org","@graph":[{"@type":"WebPage","@id":"https:\/\/www.labandeapapattes.fr\/index.php\/pavarotti\/","url":"https:\/\/www.labandeapapattes.fr\/index.php\/pavarotti\/","name":"Pavarotti - La Bande A Papattes","isPartOf":{"@id":"https:\/\/www.labandeapapattes.fr\/#website"},"primaryImageOfPage":{"@id":"https:\/\/www.labandeapapattes.fr\/index.php\/pavarotti\/#primaryimage"},"image":{"@id":"https:\/\/www.labandeapapattes.fr\/index.php\/pavarotti\/#primaryimage"},"thumbnailUrl":"https:\/\/www.labandeapapattes.fr\/wp-content\/uploads\/2025\/09\/WhatsApp-Image-2025-09-22-a-14.27.05_2c48a638.jpg","datePublished":"2025-09-23T20:11:56+00:00","dateModified":"2026-01-28T22:24:43+00:00","description":"Suivez les nouvelles de Pavarotti, chiot Border Collie de La Bande \u00e0 Papattes \u00e0 Chezal Benoit (Cher), \u00e9lev\u00e9 en famille avec amour.","breadcrumb":{"@id":"https:\/\/www.labandeapapattes.fr\/index.php\/pavarotti\/#breadcrumb"},"inLanguage":"fr-FR","potentialAction":[{"@type":"ReadAction","target":["https:\/\/www.labandeapapattes.fr\/index.php\/pavarotti\/"]}]},{"@type":"ImageObject","inLanguage":"fr-FR","@id":"https:\/\/www.labandeapapattes.fr\/index.php\/pavarotti\/#primaryimage","url":"https:\/\/www.labandeapapattes.fr\/wp-content\/uploads\/2025\/09\/WhatsApp-Image-2025-09-22-a-14.27.05_2c48a638.jpg","contentUrl":"https:\/\/www.labandeapapattes.fr\/wp-content\/uploads\/2025\/09\/WhatsApp-Image-2025-09-22-a-14.27.05_2c48a638.jpg","width":900,"height":1600},{"@type":"BreadcrumbList","@id":"https:\/\/www.labandeapapattes.fr\/index.php\/pavarotti\/#breadcrumb","itemListElement":[{"@type":"ListItem","position":1,"name":"Accueil","item":"https:\/\/www.labandeapapattes.fr\/"},{"@type":"ListItem","position":2,"name":"Pavarotti"}]},{"@type":"WebSite","@id":"https:\/\/www.labandeapapattes.fr\/#website","url":"https:\/\/www.labandeapapattes.fr\/","name":"La Bande A Papattes","description":"","publisher":{"@id":"https:\/\/www.labandeapapattes.fr\/#organization"},"potentialAction":[{"@type":"SearchAction","target":{"@type":"EntryPoint","urlTemplate":"https:\/\/www.labandeapapattes.fr\/?s={search_term_string}"},"query-input":{"@type":"PropertyValueSpecification","valueRequired":true,"valueName":"search_term_string"}}],"inLanguage":"fr-FR"},{"@type":"Organization","@id":"https:\/\/www.labandeapapattes.fr\/#organization","name":"La Bande A Papattes","url":"https:\/\/www.labandeapapattes.fr\/","logo":{"@type":"ImageObject","inLanguage":"fr-FR","@id":"https:\/\/www.labandeapapattes.fr\/#\/schema\/logo\/image\/","url":"https:\/\/www.labandeapapattes.fr\/wp-content\/uploads\/2025\/09\/cropped-android-chrome-512x512-2.png","contentUrl":"https:\/\/www.labandeapapattes.fr\/wp-content\/uploads\/2025\/09\/cropped-android-chrome-512x512-2.png","width":50,"height":50,"caption":"La Bande A Papattes"},"image":{"@id":"https:\/\/www.labandeapapattes.fr\/#\/schema\/logo\/image\/"},"sameAs":["https:\/\/www.facebook.com\/profile.php?id=61552778915373","https:\/\/www.tiktok.com\/@la.bande.a.papatt","https:\/\/www.instagram.com\/la_bande_a_papattes\/"]}]}},"_links":{"self":[{"href":"https:\/\/www.labandeapapattes.fr\/index.php\/wp-json\/wp\/v2\/pages\/631","targetHints":{"allow":["GET"]}}],"collection":[{"href":"https:\/\/www.labandeapapattes.fr\/index.php\/wp-json\/wp\/v2\/pages"}],"about":[{"href":"https:\/\/www.labandeapapattes.fr\/index.php\/wp-json\/wp\/v2\/types\/page"}],"author":[{"embeddable":true,"href":"https:\/\/www.labandeapapattes.fr\/index.php\/wp-json\/wp\/v2\/users\/1"}],"replies":[{"embeddable":true,"href":"https:\/\/www.labandeapapattes.fr\/index.php\/wp-json\/wp\/v2\/comments?post=631"}],"version-history":[{"count":3,"href":"https:\/\/www.labandeapapattes.fr\/index.php\/wp-json\/wp\/v2\/pages\/631\/revisions"}],"predecessor-version":[{"id":636,"href":"https:\/\/www.labandeapapattes.fr\/index.php\/wp-json\/wp\/v2\/pages\/631\/revisions\/636"}],"wp:attachment":[{"href":"https:\/\/www.labandeapapattes.fr\/index.php\/wp-json\/wp\/v2\/media?parent=631"}],"curies":[{"name":"wp","href":"https:\/\/api.w.org\/{rel}","templated":true}]}}